{"id":1253,"date":"2024-12-16T16:54:53","date_gmt":"2024-12-16T16:54:53","guid":{"rendered":"https:\/\/www.die-blockhausbauer-aus-franken.de\/?page_id=1253"},"modified":"2024-12-18T17:40:30","modified_gmt":"2024-12-18T17:40:30","slug":"wohnen-mit-der-natur-ist-unser-motto_1","status":"publish","type":"page","link":"https:\/\/www.die-blockhausbauer-aus-franken.de\/?page_id=1253","title":{"rendered":"Wohnen mit der Natur ist unser Motto"},"content":{"rendered":"\n  \n    \n    <section class=\"u-clearfix u-image u-section-2\" id=\"sec-0ac3\" style=\"background-image: url(&quot;https:\/\/www.die-blockhausbauer-aus-franken.de\/wp-content\/uploads\/2024\/12\/grafik-150x141-2.png&quot;);\">\n      <div class=\"u-clearfix u-sheet u-sheet-1\">\n        <div class=\"data-layout-selected u-clearfix u-expanded-width-lg u-expanded-width-xl u-expanded-width-xs u-gutter-0 u-layout-wrap u-layout-wrap-1\">\n          <div class=\"u-gutter-0 u-layout\">\n            <div class=\"u-layout-row\">\n              <div class=\"u-size-15-lg u-size-15-xl u-size-19-sm u-size-19-xs u-size-30-md\">\n                <div class=\"u-layout-col\">\n                  <div class=\"u-align-left u-container-align-center u-container-align-left u-container-style u-image u-layout-cell u-left-cell u-size-27-md u-size-27-sm u-size-27-xs u-size-30-lg u-size-30-xl u-image-1\" src=\"\" data-image-width=\"150\" data-image-height=\"150\" style=\"background-image: url(&quot;https:\/\/www.die-blockhausbauer-aus-franken.de\/wp-content\/uploads\/2024\/12\/image-4.png&quot;);\">\n                    <div class=\"u-container-layout u-container-layout-1\" src=\"\"><\/div>\n                  <\/div>\n                  <div class=\"u-container-align-left u-container-style u-layout-cell u-left-cell u-palette-1-light-3 u-size-30 u-layout-cell-2\">\n                    <div class=\"u-container-layout u-valign-bottom u-container-layout-2\">\n                      <h3 class=\"u-align-center u-text u-text-1\">Blockhaus\u200b- Material<\/h3>\n                      <p class=\"u-align-left u-text u-text-2\"> Das Block-Rundstammhaus ist die \u00f6kologischste und<br>\u00e4lteste Bauweise, H\u00e4user zu bauen. Es wird nur der von<br>der Rinde ges\u00e4uberte und gesunde Stamm verwendet.<br>Als sehr gut geeignetes Baumaterial eignen sich Fichte,<br>Tanne, L\u00e4rche, Douglasie oder Red Cedar. Ein solch ge-<br>fertigtes Block-Rundstammhaus \u00fcbersteht Jahrhunderte<br>und bietet ein unvergleichlich gutes Raumklima:\n                      <\/p>\n                    <\/div>\n                  <\/div>\n                <\/div>\n              <\/div>\n              <div class=\"u-size-21-lg u-size-21-sm u-size-21-xl u-size-21-xs u-size-30-md\">\n                <div class=\"u-layout-col\">\n                  <div class=\"u-align-left u-container-align-left-lg u-container-align-left-xl u-container-style u-layout-cell u-palette-1-light-3 u-size-30-lg u-size-30-xl u-size-33-md u-size-33-sm u-size-33-xs u-layout-cell-3\">\n                    <div class=\"u-container-layout u-container-layout-3\">\n                      <h3 class=\"u-text u-text-3\">Nachhaltiges Holz<\/h3>\n                      <ul class=\"u-custom-list u-text u-text-4\">\n                        <li>\n                          <div class=\"u-list-icon\">\n                            <svg xmlns=\"http:\/\/www.w3.org\/2000\/svg\" xmlns:xlink=\"http:\/\/www.w3.org\/1999\/xlink\" version=\"1.1\" xml:space=\"preserve\" class=\"u-svg-content\" viewBox=\"0 0 24 24\" id=\"svg-c078\"><path d=\"m23.526 5.101c-.04-.399-.231-.759-.541-1.014l-2.318-1.904c-.639-.524-1.585-.432-2.111.207l-9.745 11.86-3.916-3.355c-.628-.536-1.576-.465-2.115.163l-1.952 2.278c-.261.304-.388.691-.357 1.091s.215.764.52 1.024l7.403 6.346c.275.235.616.361.974.361.044 0 .089-.002.134-.006.405-.036.77-.229 1.028-.542l12.662-15.411c.255-.309.373-.7.334-1.098z\" fill=\"#2196f3\"><\/path><path d=\"m.638 13.173c-.304.354-.452.807-.417 1.273.036.466.251.891.606 1.194l7.403 6.346v.001c.321.273.719.421 1.136.421.052 0 .104-.003.156-.007.472-.042.898-.266 1.199-.632l12.665-15.411c.613-.746.504-1.852-.242-2.464l-2.318-1.904c-.744-.612-1.848-.504-2.463.24l-9.584 11.665-3.722-3.189c-.732-.627-1.839-.543-2.467.189zm3.444-1.329 4.303 3.688c.153.131.348.196.554.178.201-.018.386-.115.514-.271l10.07-12.255c.087-.107.246-.123.352-.035l2.318 1.904c.107.088.123.246.035.353l-12.664 15.41c-.058.07-.132.087-.171.09-.039.006-.115.001-.185-.059l-7.404-6.346c-.068-.059-.083-.132-.086-.171-.003-.038.001-.113.06-.182l1.952-2.278c.089-.102.247-.116.352-.026z\"><\/path><\/svg>\n                          <\/div>\n                          <span style=\"font-size: 1rem;\">\u00d6kologisch<\/span>\n                        <\/li>\n                        <li>\n                          <div class=\"u-list-icon\">\n                            <svg xmlns=\"http:\/\/www.w3.org\/2000\/svg\" xmlns:xlink=\"http:\/\/www.w3.org\/1999\/xlink\" version=\"1.1\" xml:space=\"preserve\" class=\"u-svg-content\" viewBox=\"0 0 24 24\" id=\"svg-c078\"><path d=\"m23.526 5.101c-.04-.399-.231-.759-.541-1.014l-2.318-1.904c-.639-.524-1.585-.432-2.111.207l-9.745 11.86-3.916-3.355c-.628-.536-1.576-.465-2.115.163l-1.952 2.278c-.261.304-.388.691-.357 1.091s.215.764.52 1.024l7.403 6.346c.275.235.616.361.974.361.044 0 .089-.002.134-.006.405-.036.77-.229 1.028-.542l12.662-15.411c.255-.309.373-.7.334-1.098z\" fill=\"#2196f3\"><\/path><path d=\"m.638 13.173c-.304.354-.452.807-.417 1.273.036.466.251.891.606 1.194l7.403 6.346v.001c.321.273.719.421 1.136.421.052 0 .104-.003.156-.007.472-.042.898-.266 1.199-.632l12.665-15.411c.613-.746.504-1.852-.242-2.464l-2.318-1.904c-.744-.612-1.848-.504-2.463.24l-9.584 11.665-3.722-3.189c-.732-.627-1.839-.543-2.467.189zm3.444-1.329 4.303 3.688c.153.131.348.196.554.178.201-.018.386-.115.514-.271l10.07-12.255c.087-.107.246-.123.352-.035l2.318 1.904c.107.088.123.246.035.353l-12.664 15.41c-.058.07-.132.087-.171.09-.039.006-.115.001-.185-.059l-7.404-6.346c-.068-.059-.083-.132-.086-.171-.003-.038.001-.113.06-.182l1.952-2.278c.089-.102.247-.116.352-.026z\"><\/path><\/svg>\n                          <\/div>\n                          <span style=\"font-size: 1rem;\">Langlebig<\/span>\n                        <\/li>\n                        <li>\n                          <div class=\"u-list-icon\">\n                            <svg xmlns=\"http:\/\/www.w3.org\/2000\/svg\" xmlns:xlink=\"http:\/\/www.w3.org\/1999\/xlink\" version=\"1.1\" xml:space=\"preserve\" class=\"u-svg-content\" viewBox=\"0 0 24 24\" id=\"svg-c078\"><path d=\"m23.526 5.101c-.04-.399-.231-.759-.541-1.014l-2.318-1.904c-.639-.524-1.585-.432-2.111.207l-9.745 11.86-3.916-3.355c-.628-.536-1.576-.465-2.115.163l-1.952 2.278c-.261.304-.388.691-.357 1.091s.215.764.52 1.024l7.403 6.346c.275.235.616.361.974.361.044 0 .089-.002.134-.006.405-.036.77-.229 1.028-.542l12.662-15.411c.255-.309.373-.7.334-1.098z\" fill=\"#2196f3\"><\/path><path d=\"m.638 13.173c-.304.354-.452.807-.417 1.273.036.466.251.891.606 1.194l7.403 6.346v.001c.321.273.719.421 1.136.421.052 0 .104-.003.156-.007.472-.042.898-.266 1.199-.632l12.665-15.411c.613-.746.504-1.852-.242-2.464l-2.318-1.904c-.744-.612-1.848-.504-2.463.24l-9.584 11.665-3.722-3.189c-.732-.627-1.839-.543-2.467.189zm3.444-1.329 4.303 3.688c.153.131.348.196.554.178.201-.018.386-.115.514-.271l10.07-12.255c.087-.107.246-.123.352-.035l2.318 1.904c.107.088.123.246.035.353l-12.664 15.41c-.058.07-.132.087-.171.09-.039.006-.115.001-.185-.059l-7.404-6.346c-.068-.059-.083-.132-.086-.171-.003-.038.001-.113.06-.182l1.952-2.278c.089-.102.247-.116.352-.026z\"><\/path><\/svg>\n                          <\/div>\n                          <span style=\"font-size: 1rem;\">W\u00e4rmed\u00e4mmend<br>\n                          <\/span>\n                        <\/li>\n                        <li>\n                          <div class=\"u-list-icon\">\n                            <svg xmlns=\"http:\/\/www.w3.org\/2000\/svg\" xmlns:xlink=\"http:\/\/www.w3.org\/1999\/xlink\" version=\"1.1\" xml:space=\"preserve\" class=\"u-svg-content\" viewBox=\"0 0 24 24\" id=\"svg-c078\"><path d=\"m23.526 5.101c-.04-.399-.231-.759-.541-1.014l-2.318-1.904c-.639-.524-1.585-.432-2.111.207l-9.745 11.86-3.916-3.355c-.628-.536-1.576-.465-2.115.163l-1.952 2.278c-.261.304-.388.691-.357 1.091s.215.764.52 1.024l7.403 6.346c.275.235.616.361.974.361.044 0 .089-.002.134-.006.405-.036.77-.229 1.028-.542l12.662-15.411c.255-.309.373-.7.334-1.098z\" fill=\"#2196f3\"><\/path><path d=\"m.638 13.173c-.304.354-.452.807-.417 1.273.036.466.251.891.606 1.194l7.403 6.346v.001c.321.273.719.421 1.136.421.052 0 .104-.003.156-.007.472-.042.898-.266 1.199-.632l12.665-15.411c.613-.746.504-1.852-.242-2.464l-2.318-1.904c-.744-.612-1.848-.504-2.463.24l-9.584 11.665-3.722-3.189c-.732-.627-1.839-.543-2.467.189zm3.444-1.329 4.303 3.688c.153.131.348.196.554.178.201-.018.386-.115.514-.271l10.07-12.255c.087-.107.246-.123.352-.035l2.318 1.904c.107.088.123.246.035.353l-12.664 15.41c-.058.07-.132.087-.171.09-.039.006-.115.001-.185-.059l-7.404-6.346c-.068-.059-.083-.132-.086-.171-.003-.038.001-.113.06-.182l1.952-2.278c.089-.102.247-.116.352-.026z\"><\/path><\/svg>\n                          <\/div>\n                          <span style=\"font-size: 1rem;\"> Raumklima un\u00fcbertroffen<\/span>\n                        <\/li>\n                        <li>\n                          <div class=\"u-list-icon\">\n                            <svg xmlns=\"http:\/\/www.w3.org\/2000\/svg\" xmlns:xlink=\"http:\/\/www.w3.org\/1999\/xlink\" version=\"1.1\" xml:space=\"preserve\" class=\"u-svg-content\" viewBox=\"0 0 24 24\" id=\"svg-c078\"><path d=\"m23.526 5.101c-.04-.399-.231-.759-.541-1.014l-2.318-1.904c-.639-.524-1.585-.432-2.111.207l-9.745 11.86-3.916-3.355c-.628-.536-1.576-.465-2.115.163l-1.952 2.278c-.261.304-.388.691-.357 1.091s.215.764.52 1.024l7.403 6.346c.275.235.616.361.974.361.044 0 .089-.002.134-.006.405-.036.77-.229 1.028-.542l12.662-15.411c.255-.309.373-.7.334-1.098z\" fill=\"#2196f3\"><\/path><path d=\"m.638 13.173c-.304.354-.452.807-.417 1.273.036.466.251.891.606 1.194l7.403 6.346v.001c.321.273.719.421 1.136.421.052 0 .104-.003.156-.007.472-.042.898-.266 1.199-.632l12.665-15.411c.613-.746.504-1.852-.242-2.464l-2.318-1.904c-.744-.612-1.848-.504-2.463.24l-9.584 11.665-3.722-3.189c-.732-.627-1.839-.543-2.467.189zm3.444-1.329 4.303 3.688c.153.131.348.196.554.178.201-.018.386-.115.514-.271l10.07-12.255c.087-.107.246-.123.352-.035l2.318 1.904c.107.088.123.246.035.353l-12.664 15.41c-.058.07-.132.087-.171.09-.039.006-.115.001-.185-.059l-7.404-6.346c-.068-.059-.083-.132-.086-.171-.003-.038.001-.113.06-.182l1.952-2.278c.089-.102.247-.116.352-.026z\"><\/path><\/svg>\n                          <\/div>\n                          <span style=\"font-size: 1rem;\">Guter Schall- und Strahlenschutz<\/span>\n                        <\/li>\n                        <li>\n                          <div class=\"u-list-icon\">\n                            <svg xmlns=\"http:\/\/www.w3.org\/2000\/svg\" xmlns:xlink=\"http:\/\/www.w3.org\/1999\/xlink\" version=\"1.1\" xml:space=\"preserve\" class=\"u-svg-content\" viewBox=\"0 0 24 24\" id=\"svg-c078\"><path d=\"m23.526 5.101c-.04-.399-.231-.759-.541-1.014l-2.318-1.904c-.639-.524-1.585-.432-2.111.207l-9.745 11.86-3.916-3.355c-.628-.536-1.576-.465-2.115.163l-1.952 2.278c-.261.304-.388.691-.357 1.091s.215.764.52 1.024l7.403 6.346c.275.235.616.361.974.361.044 0 .089-.002.134-.006.405-.036.77-.229 1.028-.542l12.662-15.411c.255-.309.373-.7.334-1.098z\" fill=\"#2196f3\"><\/path><path d=\"m.638 13.173c-.304.354-.452.807-.417 1.273.036.466.251.891.606 1.194l7.403 6.346v.001c.321.273.719.421 1.136.421.052 0 .104-.003.156-.007.472-.042.898-.266 1.199-.632l12.665-15.411c.613-.746.504-1.852-.242-2.464l-2.318-1.904c-.744-.612-1.848-.504-2.463.24l-9.584 11.665-3.722-3.189c-.732-.627-1.839-.543-2.467.189zm3.444-1.329 4.303 3.688c.153.131.348.196.554.178.201-.018.386-.115.514-.271l10.07-12.255c.087-.107.246-.123.352-.035l2.318 1.904c.107.088.123.246.035.353l-12.664 15.41c-.058.07-.132.087-.171.09-.039.006-.115.001-.185-.059l-7.404-6.346c-.068-.059-.083-.132-.086-.171-.003-.038.001-.113.06-.182l1.952-2.278c.089-.102.247-.116.352-.026z\"><\/path><\/svg>\n                          <\/div>\n                          <span style=\"font-size: 1rem;\">Bew\u00e4hrte, traditionelle Bauweise<\/span>\n                        <\/li>\n                      <\/ul>\n                    <\/div>\n                  <\/div>\n                  <div class=\"u-align-left u-container-align-left u-container-style u-layout-cell u-size-30-lg u-size-30-xl u-size-33-md u-size-33-sm u-size-33-xs u-layout-cell-4\" src=\"\">\n                    <div class=\"u-container-layout u-valign-middle-lg u-valign-middle-md u-valign-middle-sm u-valign-middle-xl u-container-layout-4\" src=\"\">\n                      <img decoding=\"async\" class=\"custom-expanded u-image u-image-2\" src=\"https:\/\/www.die-blockhausbauer-aus-franken.de\/wp-content\/uploads\/2024\/12\/image-1.png\" data-image-width=\"1020\" data-image-height=\"636\" data-animation-name=\"customAnimationIn\" data-animation-duration=\"1000\" data-animation-delay=\"0\">\n                    <\/div>\n                  <\/div>\n                <\/div>\n              <\/div>\n              <div class=\"u-size-21-sm u-size-21-xs u-size-24-lg u-size-24-xl u-size-60-md\">\n                <div class=\"u-layout-col\">\n                  <div class=\"u-align-left u-container-align-left u-container-style u-hidden-md u-hidden-sm u-hidden-xs u-image u-layout-cell u-right-cell u-size-30 u-image-3\" src=\"\" data-image-width=\"507\" data-image-height=\"324\" data-animation-name=\"customAnimationIn\" data-animation-duration=\"1000\" data-animation-delay=\"0\" style=\"background-image: url(&quot;https:\/\/www.die-blockhausbauer-aus-franken.de\/wp-content\/uploads\/2024\/12\/Prospekt_Seite2_Bild4.png&quot;);\">\n                    <div class=\"u-container-layout u-container-layout-5\" src=\"\"><\/div>\n                  <\/div>\n                  <div class=\"u-container-style u-layout-cell u-palette-1-light-3 u-right-cell u-size-30 u-layout-cell-6\">\n                    <div class=\"u-container-layout u-container-layout-6\">\n                      <h3 class=\"u-align-center u-text u-text-5\">Blockh\u00e4user bauen<\/h3>\n                      <p class=\"u-align-left u-text u-text-6\"> Die exakte Stammbearbeitung erfolgt mit einem Spezialzirkel und der Motors\u00e4ge; so entstehen passgenaue Eck- und L\u00e4ngsverbindungen von W\u00e4nden, Decke und Dachstuhl.<br>\n                        <br>&nbsp;\n                      <\/p>\n                    <\/div>\n                  <\/div>\n                <\/div>\n              <\/div>\n            <\/div>\n          <\/div>\n        <\/div>\n      <\/div>\n    <\/section>\n    \n    \n    \n    \n  \n","protected":false},"excerpt":{"rendered":"<p>Blockhaus\u200b- Material Das Block-Rundstammhaus ist die \u00f6kologischste und\u00e4lteste Bauweise, H\u00e4user zu bauen. Es wird nur der vonder Rinde ges\u00e4uberte und gesunde Stamm verwendet.Als sehr gut geeignetes Baumaterial eignen sich Fichte,Tanne, L\u00e4rche, Douglasie oder Red Cedar. Ein solch ge-fertigtes Block-Rundstammhaus \u00fcbersteht Jahrhunderteund bietet ein unvergleichlich gutes Raumklima: Nachhaltiges Holz \u00d6kologisch Langlebig W\u00e4rmed\u00e4mmend Raumklima un\u00fcbertroffen Guter Schall- &hellip; <a href=\"https:\/\/www.die-blockhausbauer-aus-franken.de\/?page_id=1253\" class=\"more-link\">Continue reading<span class=\"screen-reader-text\"> &#8222;Wohnen mit der Natur ist unser Motto&#8220;<\/span><\/a><\/p>\n","protected":false},"author":1,"featured_media":0,"parent":0,"menu_order":0,"comment_status":"closed","ping_status":"closed","template":"","meta":{"footnotes":""},"class_list":["post-1253","page","type-page","status-publish","hentry"],"_links":{"self":[{"href":"https:\/\/www.die-blockhausbauer-aus-franken.de\/index.php?rest_route=\/wp\/v2\/pages\/1253","targetHints":{"allow":["GET"]}}],"collection":[{"href":"https:\/\/www.die-blockhausbauer-aus-franken.de\/index.php?rest_route=\/wp\/v2\/pages"}],"about":[{"href":"https:\/\/www.die-blockhausbauer-aus-franken.de\/index.php?rest_route=\/wp\/v2\/types\/page"}],"author":[{"embeddable":true,"href":"https:\/\/www.die-blockhausbauer-aus-franken.de\/index.php?rest_route=\/wp\/v2\/users\/1"}],"replies":[{"embeddable":true,"href":"https:\/\/www.die-blockhausbauer-aus-franken.de\/index.php?rest_route=%2Fwp%2Fv2%2Fcomments&post=1253"}],"version-history":[{"count":5,"href":"https:\/\/www.die-blockhausbauer-aus-franken.de\/index.php?rest_route=\/wp\/v2\/pages\/1253\/revisions"}],"predecessor-version":[{"id":1304,"href":"https:\/\/www.die-blockhausbauer-aus-franken.de\/index.php?rest_route=\/wp\/v2\/pages\/1253\/revisions\/1304"}],"wp:attachment":[{"href":"https:\/\/www.die-blockhausbauer-aus-franken.de\/index.php?rest_route=%2Fwp%2Fv2%2Fmedia&parent=1253"}],"curies":[{"name":"wp","href":"https:\/\/api.w.org\/{rel}","templated":true}]}}