{"id":272,"date":"2020-02-24T17:28:41","date_gmt":"2020-02-24T17:28:41","guid":{"rendered":"https:\/\/die-blockhausbauer-aus-franken.de\/?page_id=272"},"modified":"2025-01-15T18:28:46","modified_gmt":"2025-01-15T18:28:46","slug":"wir-fertigen-fuer-sie","status":"publish","type":"page","link":"https:\/\/www.die-blockhausbauer-aus-franken.de\/?page_id=272","title":{"rendered":"Wir fertigen f\u00fcr sie"},"content":{"rendered":"\n  \n    \n    <section class=\"u-align-center u-clearfix u-container-align-center u-container-align-center-lg u-container-align-center-xl u-gradient u-image u-section-2\" id=\"sec-070a\" style=\"background-image: url(&quot;https:\/\/www.die-blockhausbauer-aus-franken.de\/wp-content\/uploads\/2024\/12\/grafik-150x141-2.png&quot;), url(&quot;https:\/\/www.die-blockhausbauer-aus-franken.de\/wp-content\/plugins\/nicepage\/assets\/images\/default-image.jpg&quot;), linear-gradient(rgb(229, 229, 229), rgb(229, 229, 229));\">\n      <div class=\"u-clearfix u-sheet u-sheet-1\">\n        <h2 class=\"u-align-center u-text u-text-1\">Wir fertigen f\u00fcr sie <\/h2>\n        <div class=\"u-expanded-width u-gallery u-layout-horizontal u-lightbox u-show-text-on-hover u-gallery-1\" id=\"carousel-56e8\">\n          <div class=\"u-gallery-inner u-gallery-inner-1\" role=\"listbox\"><div class=\"u-effect-fade u-gallery-item u-gallery-item-1\"><div class=\"u-back-slide\" data-image-width=\"1536\" data-image-height=\"2048\"><img decoding=\"async\" class=\"u-back-image\" src=\"https:\/\/www.die-blockhausbauer-aus-franken.de\/wp-content\/uploads\/2024\/12\/IMG-20241213-WA0015.jpg\">\n<\/div><div class=\"u-align-center u-over-slide u-shading u-over-slide-1\"><\/div>\n<\/div><div class=\"u-effect-fade u-gallery-item u-gallery-item-2\"><div class=\"u-back-slide\" data-image-width=\"1536\" data-image-height=\"2048\"><img decoding=\"async\" class=\"u-back-image\" src=\"https:\/\/www.die-blockhausbauer-aus-franken.de\/wp-content\/uploads\/2024\/12\/IMG-20241213-WA0018.jpg\">\n<\/div><div class=\"u-align-center u-over-slide u-shading u-over-slide-2\"><\/div>\n<\/div><div class=\"u-effect-fade u-gallery-item u-gallery-item-3\"><div class=\"u-back-slide\" data-image-width=\"1536\" data-image-height=\"2048\"><img decoding=\"async\" class=\"u-back-image\" src=\"https:\/\/www.die-blockhausbauer-aus-franken.de\/wp-content\/uploads\/2024\/12\/IMG-20241213-WA0016.jpg\">\n<\/div><div class=\"u-align-center u-over-slide u-shading u-over-slide-3\"><\/div>\n<\/div><div class=\"u-effect-fade u-gallery-item u-gallery-item-4\"><div class=\"u-back-slide\" data-image-width=\"1536\" data-image-height=\"2048\"><img decoding=\"async\" class=\"u-back-image\" src=\"https:\/\/www.die-blockhausbauer-aus-franken.de\/wp-content\/uploads\/2024\/12\/IMG-20241213-WA0020.jpg\">\n<\/div><div class=\"u-align-center u-over-slide u-shading u-over-slide-4\"><\/div>\n<\/div><div class=\"u-effect-fade u-gallery-item u-gallery-item-5\"><div class=\"u-back-slide\" data-image-width=\"1536\" data-image-height=\"2048\"><img decoding=\"async\" class=\"u-back-image\" src=\"https:\/\/www.die-blockhausbauer-aus-franken.de\/wp-content\/uploads\/2024\/12\/IMG-20241213-WA0019.jpg\">\n<\/div><div class=\"u-align-center u-over-slide u-shading u-over-slide-5\"><\/div>\n<\/div><div class=\"u-effect-fade u-gallery-item u-gallery-item-6\"><div class=\"u-back-slide\" data-image-width=\"1536\" data-image-height=\"2048\"><img decoding=\"async\" class=\"u-back-image\" src=\"https:\/\/www.die-blockhausbauer-aus-franken.de\/wp-content\/uploads\/2024\/12\/IMG-20241213-WA0017.jpg\">\n<\/div><div class=\"u-align-center u-over-slide u-shading u-over-slide-6\"><\/div>\n<\/div><div class=\"u-effect-fade u-gallery-item u-gallery-item-7\" data-image-width=\"1536\" data-image-height=\"2048\"><div class=\"u-back-slide\"><img decoding=\"async\" class=\"u-back-image\" src=\"https:\/\/www.die-blockhausbauer-aus-franken.de\/wp-content\/uploads\/2024\/12\/Bildheute.jpg\">\n<\/div><div class=\"u-align-center u-over-slide u-shading u-over-slide-7\"><\/div>\n<\/div><div class=\"u-effect-fade u-gallery-item u-gallery-item-8\" data-image-width=\"1536\" data-image-height=\"2048\"><div class=\"u-back-slide\"><img decoding=\"async\" class=\"u-back-image\" src=\"https:\/\/www.die-blockhausbauer-aus-franken.de\/wp-content\/uploads\/2024\/12\/Projekt-Bad-Windsheim1-1.jpg\">\n<\/div><div class=\"u-align-center u-over-slide u-shading u-over-slide-8\"><\/div>\n<\/div><\/div>\n          <a class=\"u-absolute-vcenter u-gallery-nav u-gallery-nav-prev u-grey-70 u-icon-circle u-opacity u-opacity-70 u-spacing-10 u-text-white u-gallery-nav-1\" href=\"#\" role=\"button\">\n            <span aria-hidden=\"true\">\n              <svg viewBox=\"0 0 451.847 451.847\"><path d=\"M97.141,225.92c0-8.095,3.091-16.192,9.259-22.366L300.689,9.27c12.359-12.359,32.397-12.359,44.751,0\nc12.354,12.354,12.354,32.388,0,44.748L173.525,225.92l171.903,171.909c12.354,12.354,12.354,32.391,0,44.744\nc-12.354,12.365-32.386,12.365-44.745,0l-194.29-194.281C100.226,242.115,97.141,234.018,97.141,225.92z\"><\/path><\/svg>\n            <\/span>\n            <span class=\"sr-only\">\n              <svg viewBox=\"0 0 451.847 451.847\"><path d=\"M97.141,225.92c0-8.095,3.091-16.192,9.259-22.366L300.689,9.27c12.359-12.359,32.397-12.359,44.751,0\nc12.354,12.354,12.354,32.388,0,44.748L173.525,225.92l171.903,171.909c12.354,12.354,12.354,32.391,0,44.744\nc-12.354,12.365-32.386,12.365-44.745,0l-194.29-194.281C100.226,242.115,97.141,234.018,97.141,225.92z\"><\/path><\/svg>\n            <\/span>\n          <\/a>\n          <a class=\"u-absolute-vcenter u-gallery-nav u-gallery-nav-next u-grey-70 u-icon-circle u-opacity u-opacity-70 u-spacing-10 u-text-white u-gallery-nav-2\" href=\"#\" role=\"button\">\n            <span aria-hidden=\"true\">\n              <svg viewBox=\"0 0 451.846 451.847\"><path d=\"M345.441,248.292L151.154,442.573c-12.359,12.365-32.397,12.365-44.75,0c-12.354-12.354-12.354-32.391,0-44.744\nL278.318,225.92L106.409,54.017c-12.354-12.359-12.354-32.394,0-44.748c12.354-12.359,32.391-12.359,44.75,0l194.287,194.284\nc6.177,6.18,9.262,14.271,9.262,22.366C354.708,234.018,351.617,242.115,345.441,248.292z\"><\/path><\/svg>\n            <\/span>\n            <span class=\"sr-only\">\n              <svg viewBox=\"0 0 451.846 451.847\"><path d=\"M345.441,248.292L151.154,442.573c-12.359,12.365-32.397,12.365-44.75,0c-12.354-12.354-12.354-32.391,0-44.744\nL278.318,225.92L106.409,54.017c-12.354-12.359-12.354-32.394,0-44.748c12.354-12.359,32.391-12.359,44.75,0l194.287,194.284\nc6.177,6.18,9.262,14.271,9.262,22.366C354.708,234.018,351.617,242.115,345.441,248.292z\"><\/path><\/svg>\n            <\/span>\n          <\/a>\n        <\/div>\n      <\/div>\n    <\/section>\n    <section class=\"u-clearfix u-image u-section-3\" id=\"sec-3772\" style=\"background-image: url(&quot;https:\/\/www.die-blockhausbauer-aus-franken.de\/wp-content\/uploads\/2024\/12\/grafik-150x141-2.png&quot;), url(&quot;https:\/\/www.die-blockhausbauer-aus-franken.de\/wp-content\/plugins\/nicepage\/assets\/images\/default-image.jpg&quot;);\">\n      <div class=\"u-clearfix u-sheet u-valign-middle-md u-valign-middle-sm u-sheet-1\">\n        <p class=\"u-text u-text-palette-1-dark-1 u-text-1\">WIR FERTIGEN F\u00dcR SIE:<\/p>\n        <ul class=\"u-custom-list u-text u-text-default u-text-palette-1-dark-1 u-text-2\">\n          <li>\n            <div class=\"u-list-icon\">\n              <svg xmlns=\"http:\/\/www.w3.org\/2000\/svg\" xmlns:xlink=\"http:\/\/www.w3.org\/1999\/xlink\" version=\"1.1\" xml:space=\"preserve\" class=\"u-svg-content\" viewBox=\"0 0 24 24\" id=\"svg-e6f6\"><path d=\"m23.526 5.101c-.04-.399-.231-.759-.541-1.014l-2.318-1.904c-.639-.524-1.585-.432-2.111.207l-9.745 11.86-3.916-3.355c-.628-.536-1.576-.465-2.115.163l-1.952 2.278c-.261.304-.388.691-.357 1.091s.215.764.52 1.024l7.403 6.346c.275.235.616.361.974.361.044 0 .089-.002.134-.006.405-.036.77-.229 1.028-.542l12.662-15.411c.255-.309.373-.7.334-1.098z\" fill=\"#2196f3\"><\/path><path d=\"m.638 13.173c-.304.354-.452.807-.417 1.273.036.466.251.891.606 1.194l7.403 6.346v.001c.321.273.719.421 1.136.421.052 0 .104-.003.156-.007.472-.042.898-.266 1.199-.632l12.665-15.411c.613-.746.504-1.852-.242-2.464l-2.318-1.904c-.744-.612-1.848-.504-2.463.24l-9.584 11.665-3.722-3.189c-.732-.627-1.839-.543-2.467.189zm3.444-1.329 4.303 3.688c.153.131.348.196.554.178.201-.018.386-.115.514-.271l10.07-12.255c.087-.107.246-.123.352-.035l2.318 1.904c.107.088.123.246.035.353l-12.664 15.41c-.058.07-.132.087-.171.09-.039.006-.115.001-.185-.059l-7.404-6.346c-.068-.059-.083-.132-.086-.171-.003-.038.001-.113.06-.182l1.952-2.278c.089-.102.247-.116.352-.026z\"><\/path><\/svg>\n            <\/div>Block-Rundstammh\u00e4user \n          <\/li>\n          <li>\n            <div class=\"u-list-icon\">\n              <svg xmlns=\"http:\/\/www.w3.org\/2000\/svg\" xmlns:xlink=\"http:\/\/www.w3.org\/1999\/xlink\" version=\"1.1\" xml:space=\"preserve\" class=\"u-svg-content\" viewBox=\"0 0 24 24\" id=\"svg-e6f6\"><path d=\"m23.526 5.101c-.04-.399-.231-.759-.541-1.014l-2.318-1.904c-.639-.524-1.585-.432-2.111.207l-9.745 11.86-3.916-3.355c-.628-.536-1.576-.465-2.115.163l-1.952 2.278c-.261.304-.388.691-.357 1.091s.215.764.52 1.024l7.403 6.346c.275.235.616.361.974.361.044 0 .089-.002.134-.006.405-.036.77-.229 1.028-.542l12.662-15.411c.255-.309.373-.7.334-1.098z\" fill=\"#2196f3\"><\/path><path d=\"m.638 13.173c-.304.354-.452.807-.417 1.273.036.466.251.891.606 1.194l7.403 6.346v.001c.321.273.719.421 1.136.421.052 0 .104-.003.156-.007.472-.042.898-.266 1.199-.632l12.665-15.411c.613-.746.504-1.852-.242-2.464l-2.318-1.904c-.744-.612-1.848-.504-2.463.24l-9.584 11.665-3.722-3.189c-.732-.627-1.839-.543-2.467.189zm3.444-1.329 4.303 3.688c.153.131.348.196.554.178.201-.018.386-.115.514-.271l10.07-12.255c.087-.107.246-.123.352-.035l2.318 1.904c.107.088.123.246.035.353l-12.664 15.41c-.058.07-.132.087-.171.09-.039.006-.115.001-.185-.059l-7.404-6.346c-.068-.059-.083-.132-.086-.171-.003-.038.001-.113.06-.182l1.952-2.278c.089-.102.247-.116.352-.026z\"><\/path><\/svg>\n            <\/div>Zweischalige Bohlenblockh\u00e4user \n          <\/li>\n          <li>\n            <div class=\"u-list-icon\">\n              <svg xmlns=\"http:\/\/www.w3.org\/2000\/svg\" xmlns:xlink=\"http:\/\/www.w3.org\/1999\/xlink\" version=\"1.1\" xml:space=\"preserve\" class=\"u-svg-content\" viewBox=\"0 0 24 24\" id=\"svg-e6f6\"><path d=\"m23.526 5.101c-.04-.399-.231-.759-.541-1.014l-2.318-1.904c-.639-.524-1.585-.432-2.111.207l-9.745 11.86-3.916-3.355c-.628-.536-1.576-.465-2.115.163l-1.952 2.278c-.261.304-.388.691-.357 1.091s.215.764.52 1.024l7.403 6.346c.275.235.616.361.974.361.044 0 .089-.002.134-.006.405-.036.77-.229 1.028-.542l12.662-15.411c.255-.309.373-.7.334-1.098z\" fill=\"#2196f3\"><\/path><path d=\"m.638 13.173c-.304.354-.452.807-.417 1.273.036.466.251.891.606 1.194l7.403 6.346v.001c.321.273.719.421 1.136.421.052 0 .104-.003.156-.007.472-.042.898-.266 1.199-.632l12.665-15.411c.613-.746.504-1.852-.242-2.464l-2.318-1.904c-.744-.612-1.848-.504-2.463.24l-9.584 11.665-3.722-3.189c-.732-.627-1.839-.543-2.467.189zm3.444-1.329 4.303 3.688c.153.131.348.196.554.178.201-.018.386-.115.514-.271l10.07-12.255c.087-.107.246-.123.352-.035l2.318 1.904c.107.088.123.246.035.353l-12.664 15.41c-.058.07-.132.087-.171.09-.039.006-.115.001-.185-.059l-7.404-6.346c-.068-.059-.083-.132-.086-.171-.003-.038.001-.113.06-.182l1.952-2.278c.089-.102.247-.116.352-.026z\"><\/path><\/svg>\n            <\/div>Holzh\u00e4user in St\u00e4nderbauweise \n          <\/li>\n        <\/ul>\n        <img decoding=\"async\" class=\"u-expanded-width-xs u-image u-image-contain u-image-default u-image-1\" src=\"https:\/\/www.die-blockhausbauer-aus-franken.de\/wp-content\/uploads\/2024\/12\/Die-Blockhausbauer-1.png\" alt=\"\" data-image-width=\"1110\" data-image-height=\"200\">\n        <p class=\"u-text u-text-palette-1-dark-1 u-text-3\">Unser Team, Zimmermeister, erfahrene Kanada Log Homes Experten und Planungs-<br>berater begleiten Sie von den ersten Kontaktgespr\u00e4chen bis zum Einzug in Ihr neues Heim. \n        <\/p>\n      <\/div>\n    <\/section>\n    \n    \n    \n  \n","protected":false},"excerpt":{"rendered":"<p>Wir fertigen f\u00fcr sie WIR FERTIGEN F\u00dcR SIE: Block-Rundstammh\u00e4user Zweischalige Bohlenblockh\u00e4user Holzh\u00e4user in St\u00e4nderbauweise Unser Team, Zimmermeister, erfahrene Kanada Log Homes Experten und Planungs-berater begleiten Sie von den ersten Kontaktgespr\u00e4chen bis zum Einzug in Ihr neues Heim.<\/p>\n","protected":false},"author":1,"featured_media":0,"parent":0,"menu_order":2,"comment_status":"closed","ping_status":"closed","template":"","meta":{"footnotes":""},"class_list":["post-272","page","type-page","status-publish","hentry"],"_links":{"self":[{"href":"https:\/\/www.die-blockhausbauer-aus-franken.de\/index.php?rest_route=\/wp\/v2\/pages\/272","targetHints":{"allow":["GET"]}}],"collection":[{"href":"https:\/\/www.die-blockhausbauer-aus-franken.de\/index.php?rest_route=\/wp\/v2\/pages"}],"about":[{"href":"https:\/\/www.die-blockhausbauer-aus-franken.de\/index.php?rest_route=\/wp\/v2\/types\/page"}],"author":[{"embeddable":true,"href":"https:\/\/www.die-blockhausbauer-aus-franken.de\/index.php?rest_route=\/wp\/v2\/users\/1"}],"replies":[{"embeddable":true,"href":"https:\/\/www.die-blockhausbauer-aus-franken.de\/index.php?rest_route=%2Fwp%2Fv2%2Fcomments&post=272"}],"version-history":[{"count":25,"href":"https:\/\/www.die-blockhausbauer-aus-franken.de\/index.php?rest_route=\/wp\/v2\/pages\/272\/revisions"}],"predecessor-version":[{"id":1332,"href":"https:\/\/www.die-blockhausbauer-aus-franken.de\/index.php?rest_route=\/wp\/v2\/pages\/272\/revisions\/1332"}],"wp:attachment":[{"href":"https:\/\/www.die-blockhausbauer-aus-franken.de\/index.php?rest_route=%2Fwp%2Fv2%2Fmedia&parent=272"}],"curies":[{"name":"wp","href":"https:\/\/api.w.org\/{rel}","templated":true}]}}